{"id":17372,"date":"2025-05-16T12:50:03","date_gmt":"2025-05-16T10:50:03","guid":{"rendered":"https:\/\/www.clinicaescoda.com\/?post_type=product&#038;p=17372"},"modified":"2025-05-20T12:30:57","modified_gmt":"2025-05-20T10:30:57","slug":"retexturising-serum-all-skin-med-copia","status":"publish","type":"product","link":"https:\/\/www.clinicaescoda.com\/en\/producto\/retexturising-serum-all-skin-med-copia\/","title":{"rendered":"Mattifying Gel Cream | ALL SKIN MED"},"content":{"rendered":"<p><span style=\"font-weight: 400;\">An ultra-light, intensely hydrating gel that\u2019s perfect for oily and combination skin. The Mattifying Gel Cream also renews the skin thanks to Retinsphere Technology R combined with antioxidant and brightening ingredients. <\/span><\/p>\n<p>&nbsp;<\/p>\n<p><b>How to use<\/b><\/p>\n<p><span style=\"font-weight: 400;\">Use once or twice daily, applying two pumps to the skin and massaging in gently. AM\/PM\u00a0<\/span><\/p>\n<p>&nbsp;<\/p>\n<p><b>Ingredients<\/b><\/p>\n<p><span style=\"font-weight: 400;\">Retinsphere\u00ae Technology<br \/>\n<\/span><span style=\"font-weight: 400;\">Complejo de hidrataci\u00f3n prolongada (\u00e1cido hialur\u00f3nico, arginina)<br \/>\n<\/span><span style=\"font-weight: 400;\">Sistema seborregulador (zinc, niacinamida, vitamina E)<br \/>\n<\/span><span style=\"font-weight: 400;\">\u00c1cido tranex\u00e1mico y \u00e1cido azelaico<\/span><\/p>\n<p>&nbsp;<\/p>\n<p><b>Format<\/b><\/p>\n<p><span style=\"font-weight: 400;\">50ml<\/span><\/p>\n<p>&nbsp;<\/p>\n","protected":false},"excerpt":{"rendered":"<p>Protector solar mineral. Fotoinmunoprotecci\u00f3n alta para todo tipo de pieles con una exclusiva <strong>f\u00f3rmula 100% mineral<\/strong> y con <strong>cobertura de maquillaje<\/strong> para pieles m\u00e1s morenas que unifica el tono de la piel y oculta imperfecciones proporcionando un <strong>acabado natural de apariencia saludable<\/strong>. Est\u00e1 indicada para todo tipo de piel, es especial para pieles sensibles e intolerantes y tras procedimientos m\u00e9dico-est\u00e9ticos. Ofrece una cobertura muy amplia frente al UVB, UVA, infrarrojos y luz visible. La f\u00f3rmula est\u00e1 enriquecida con activos con altas propiedades antioxidantes y reparadoras. Textura ultraligera, mim\u00e9tica con la piel y de f\u00e1cil aplicaci\u00f3n.<\/p>\n<p>Testado bajo control dermatol\u00f3gico y oftalmol\u00f3gico en pieles sensibles. Hipoalerg\u00e9nico. Sin perfume. Sin parabenos. Sin filtros qu\u00edmicos. No comedog\u00e9nico. Resistente al agua. No deja residuo blanco.<\/p>\n<p>Tambien disponemos de<\/p>\n","protected":false},"featured_media":17375,"template":"","meta":{"_joinchat":[]},"product_brand":[],"product_cat":[359,343,380],"product_tag":[483,487,479],"giftcard-category":[],"class_list":{"0":"post-17372","1":"product","2":"type-product","3":"status-publish","4":"has-post-thumbnail","6":"product_cat-all-skin-med-en","7":"product_cat-facial-medical-cosmetics","8":"product_cat-moisturizing","9":"product_tag-combined-skin","10":"product_tag-dry-skin","11":"product_tag-oily-skin","12":"pa_tipo-de-piel-combination-skin","13":"pa_tipo-de-piel-dry-skin","14":"pa_tipo-de-piel-normal-skin","15":"pa_tipo-de-piel-oily-skin","17":"first","18":"instock","19":"taxable","20":"shipping-taxable","21":"purchasable","22":"product-type-simple"},"yoast_head":"<!-- This site is optimized with the Yoast SEO plugin v24.5 - https:\/\/yoast.com\/wordpress\/plugins\/seo\/ -->\n<title>Protector solar Mineral Colour Bronze SPF50 | All Skin Med - Dr Escoda<\/title>\n<meta name=\"description\" content=\"Protector solar mineral alto para todo tipo de pieles. Pieles sensibles e intolerantes. Filtro solar 50 SPF frente UVB, UVA, IR-A y visible.\" \/>\n<meta name=\"robots\" content=\"index, follow, max-snippet:-1, max-image-preview:large, max-video-preview:-1\" \/>\n<link rel=\"canonical\" href=\"https:\/\/www.clinicaescoda.com\/en\/producto\/retexturising-serum-all-skin-med-copia\/\" \/>\n<meta property=\"og:locale\" content=\"en_US\" \/>\n<meta property=\"og:type\" content=\"article\" \/>\n<meta property=\"og:title\" content=\"Protector solar Mineral Colour Bronze SPF50 | All Skin Med - Dr Escoda\" \/>\n<meta property=\"og:description\" content=\"Protector solar mineral alto para todo tipo de pieles. Pieles sensibles e intolerantes. Filtro solar 50 SPF frente UVB, UVA, IR-A y visible.\" \/>\n<meta property=\"og:url\" content=\"https:\/\/www.clinicaescoda.com\/en\/producto\/retexturising-serum-all-skin-med-copia\/\" \/>\n<meta property=\"og:site_name\" content=\"Dr Escoda\" \/>\n<meta property=\"article:publisher\" content=\"https:\/\/www.facebook.com\/draescoda\/\" \/>\n<meta property=\"article:modified_time\" content=\"2025-05-20T10:30:57+00:00\" \/>\n<meta property=\"og:image\" content=\"https:\/\/www.clinicaescoda.com\/wp-content\/uploads\/2025\/05\/allskin-med-anti-imperfections-mattyfying-gelcream-01.jpg\" \/>\n\t<meta property=\"og:image:width\" content=\"876\" \/>\n\t<meta property=\"og:image:height\" content=\"876\" \/>\n\t<meta property=\"og:image:type\" content=\"image\/jpeg\" \/>\n<meta name=\"twitter:card\" content=\"summary_large_image\" \/>\n<meta name=\"twitter:label1\" content=\"Est. reading time\" \/>\n\t<meta name=\"twitter:data1\" content=\"1 minute\" \/>\n<script type=\"application\/ld+json\" class=\"yoast-schema-graph\">{\"@context\":\"https:\/\/schema.org\",\"@graph\":[{\"@type\":\"WebPage\",\"@id\":\"https:\/\/www.clinicaescoda.com\/en\/producto\/retexturising-serum-all-skin-med-copia\/\",\"url\":\"https:\/\/www.clinicaescoda.com\/en\/producto\/retexturising-serum-all-skin-med-copia\/\",\"name\":\"Protector solar Mineral Colour Bronze SPF50 | All Skin Med - Dr Escoda\",\"isPartOf\":{\"@id\":\"https:\/\/www.clinicaescoda.com\/en\/#website\"},\"primaryImageOfPage\":{\"@id\":\"https:\/\/www.clinicaescoda.com\/en\/producto\/retexturising-serum-all-skin-med-copia\/#primaryimage\"},\"image\":{\"@id\":\"https:\/\/www.clinicaescoda.com\/en\/producto\/retexturising-serum-all-skin-med-copia\/#primaryimage\"},\"thumbnailUrl\":\"https:\/\/www.clinicaescoda.com\/wp-content\/uploads\/2025\/05\/allskin-med-anti-imperfections-mattyfying-gelcream-01.jpg\",\"datePublished\":\"2025-05-16T10:50:03+00:00\",\"dateModified\":\"2025-05-20T10:30:57+00:00\",\"description\":\"Protector solar mineral alto para todo tipo de pieles. Pieles sensibles e intolerantes. Filtro solar 50 SPF frente UVB, UVA, IR-A y visible.\",\"breadcrumb\":{\"@id\":\"https:\/\/www.clinicaescoda.com\/en\/producto\/retexturising-serum-all-skin-med-copia\/#breadcrumb\"},\"inLanguage\":\"en-US\",\"potentialAction\":[{\"@type\":\"ReadAction\",\"target\":[\"https:\/\/www.clinicaescoda.com\/en\/producto\/retexturising-serum-all-skin-med-copia\/\"]}]},{\"@type\":\"ImageObject\",\"inLanguage\":\"en-US\",\"@id\":\"https:\/\/www.clinicaescoda.com\/en\/producto\/retexturising-serum-all-skin-med-copia\/#primaryimage\",\"url\":\"https:\/\/www.clinicaescoda.com\/wp-content\/uploads\/2025\/05\/allskin-med-anti-imperfections-mattyfying-gelcream-01.jpg\",\"contentUrl\":\"https:\/\/www.clinicaescoda.com\/wp-content\/uploads\/2025\/05\/allskin-med-anti-imperfections-mattyfying-gelcream-01.jpg\",\"width\":876,\"height\":876},{\"@type\":\"BreadcrumbList\",\"@id\":\"https:\/\/www.clinicaescoda.com\/en\/producto\/retexturising-serum-all-skin-med-copia\/#breadcrumb\",\"itemListElement\":[{\"@type\":\"ListItem\",\"position\":1,\"name\":\"Portada\",\"item\":\"https:\/\/www.clinicaescoda.com\/en\/\"},{\"@type\":\"ListItem\",\"position\":2,\"name\":\"Product catalog\",\"item\":\"https:\/\/www.clinicaescoda.com\/en\/shop\/\"},{\"@type\":\"ListItem\",\"position\":3,\"name\":\"Mattifying Gel Cream | ALL SKIN MED\"}]},{\"@type\":\"WebSite\",\"@id\":\"https:\/\/www.clinicaescoda.com\/en\/#website\",\"url\":\"https:\/\/www.clinicaescoda.com\/en\/\",\"name\":\"Dr Escoda\",\"description\":\"Aesthetic Medicine Center in Barcelona\",\"publisher\":{\"@id\":\"https:\/\/www.clinicaescoda.com\/en\/#organization\"},\"potentialAction\":[{\"@type\":\"SearchAction\",\"target\":{\"@type\":\"EntryPoint\",\"urlTemplate\":\"https:\/\/www.clinicaescoda.com\/en\/?s={search_term_string}\"},\"query-input\":{\"@type\":\"PropertyValueSpecification\",\"valueRequired\":true,\"valueName\":\"search_term_string\"}}],\"inLanguage\":\"en-US\"},{\"@type\":\"Organization\",\"@id\":\"https:\/\/www.clinicaescoda.com\/en\/#organization\",\"name\":\"Dr. Escoda | Center of Aesthetic Medicine\",\"url\":\"https:\/\/www.clinicaescoda.com\/en\/\",\"logo\":{\"@type\":\"ImageObject\",\"inLanguage\":\"en-US\",\"@id\":\"https:\/\/www.clinicaescoda.com\/en\/#\/schema\/logo\/image\/\",\"url\":\"https:\/\/www.clinicaescoda.com\/wp-content\/uploads\/2019\/10\/logo-draescoda-centro-de-medicina-estetica-de-barcelona.png\",\"contentUrl\":\"https:\/\/www.clinicaescoda.com\/wp-content\/uploads\/2019\/10\/logo-draescoda-centro-de-medicina-estetica-de-barcelona.png\",\"width\":170,\"height\":32,\"caption\":\"Dr. Escoda | Center of Aesthetic Medicine\"},\"image\":{\"@id\":\"https:\/\/www.clinicaescoda.com\/en\/#\/schema\/logo\/image\/\"},\"sameAs\":[\"https:\/\/www.facebook.com\/draescoda\/\",\"https:\/\/www.instagram.com\/draescoda\/\",\"https:\/\/www.linkedin.com\/company\/centro-de-medicina-est-tica-dra-escoda\/\",\"https:\/\/www.youtube.com\/c\/CentrodeMedicinaEst\u00e9ticaDraEscodaBarcelona\/\"]}]}<\/script>\n<!-- \/ Yoast SEO plugin. -->","yoast_head_json":{"title":"Protector solar Mineral Colour Bronze SPF50 | All Skin Med - Dr Escoda","description":"Protector solar mineral alto para todo tipo de pieles. Pieles sensibles e intolerantes. Filtro solar 50 SPF frente UVB, UVA, IR-A y visible.","robots":{"index":"index","follow":"follow","max-snippet":"max-snippet:-1","max-image-preview":"max-image-preview:large","max-video-preview":"max-video-preview:-1"},"canonical":"https:\/\/www.clinicaescoda.com\/en\/producto\/retexturising-serum-all-skin-med-copia\/","og_locale":"en_US","og_type":"article","og_title":"Protector solar Mineral Colour Bronze SPF50 | All Skin Med - Dr Escoda","og_description":"Protector solar mineral alto para todo tipo de pieles. Pieles sensibles e intolerantes. Filtro solar 50 SPF frente UVB, UVA, IR-A y visible.","og_url":"https:\/\/www.clinicaescoda.com\/en\/producto\/retexturising-serum-all-skin-med-copia\/","og_site_name":"Dr Escoda","article_publisher":"https:\/\/www.facebook.com\/draescoda\/","article_modified_time":"2025-05-20T10:30:57+00:00","og_image":[{"width":876,"height":876,"url":"https:\/\/www.clinicaescoda.com\/wp-content\/uploads\/2025\/05\/allskin-med-anti-imperfections-mattyfying-gelcream-01.jpg","type":"image\/jpeg"}],"twitter_card":"summary_large_image","twitter_misc":{"Est. reading time":"1 minute"},"schema":{"@context":"https:\/\/schema.org","@graph":[{"@type":"WebPage","@id":"https:\/\/www.clinicaescoda.com\/en\/producto\/retexturising-serum-all-skin-med-copia\/","url":"https:\/\/www.clinicaescoda.com\/en\/producto\/retexturising-serum-all-skin-med-copia\/","name":"Protector solar Mineral Colour Bronze SPF50 | All Skin Med - Dr Escoda","isPartOf":{"@id":"https:\/\/www.clinicaescoda.com\/en\/#website"},"primaryImageOfPage":{"@id":"https:\/\/www.clinicaescoda.com\/en\/producto\/retexturising-serum-all-skin-med-copia\/#primaryimage"},"image":{"@id":"https:\/\/www.clinicaescoda.com\/en\/producto\/retexturising-serum-all-skin-med-copia\/#primaryimage"},"thumbnailUrl":"https:\/\/www.clinicaescoda.com\/wp-content\/uploads\/2025\/05\/allskin-med-anti-imperfections-mattyfying-gelcream-01.jpg","datePublished":"2025-05-16T10:50:03+00:00","dateModified":"2025-05-20T10:30:57+00:00","description":"Protector solar mineral alto para todo tipo de pieles. Pieles sensibles e intolerantes. Filtro solar 50 SPF frente UVB, UVA, IR-A y visible.","breadcrumb":{"@id":"https:\/\/www.clinicaescoda.com\/en\/producto\/retexturising-serum-all-skin-med-copia\/#breadcrumb"},"inLanguage":"en-US","potentialAction":[{"@type":"ReadAction","target":["https:\/\/www.clinicaescoda.com\/en\/producto\/retexturising-serum-all-skin-med-copia\/"]}]},{"@type":"ImageObject","inLanguage":"en-US","@id":"https:\/\/www.clinicaescoda.com\/en\/producto\/retexturising-serum-all-skin-med-copia\/#primaryimage","url":"https:\/\/www.clinicaescoda.com\/wp-content\/uploads\/2025\/05\/allskin-med-anti-imperfections-mattyfying-gelcream-01.jpg","contentUrl":"https:\/\/www.clinicaescoda.com\/wp-content\/uploads\/2025\/05\/allskin-med-anti-imperfections-mattyfying-gelcream-01.jpg","width":876,"height":876},{"@type":"BreadcrumbList","@id":"https:\/\/www.clinicaescoda.com\/en\/producto\/retexturising-serum-all-skin-med-copia\/#breadcrumb","itemListElement":[{"@type":"ListItem","position":1,"name":"Portada","item":"https:\/\/www.clinicaescoda.com\/en\/"},{"@type":"ListItem","position":2,"name":"Product catalog","item":"https:\/\/www.clinicaescoda.com\/en\/shop\/"},{"@type":"ListItem","position":3,"name":"Mattifying Gel Cream | ALL SKIN MED"}]},{"@type":"WebSite","@id":"https:\/\/www.clinicaescoda.com\/en\/#website","url":"https:\/\/www.clinicaescoda.com\/en\/","name":"Dr Escoda","description":"Aesthetic Medicine Center in Barcelona","publisher":{"@id":"https:\/\/www.clinicaescoda.com\/en\/#organization"},"potentialAction":[{"@type":"SearchAction","target":{"@type":"EntryPoint","urlTemplate":"https:\/\/www.clinicaescoda.com\/en\/?s={search_term_string}"},"query-input":{"@type":"PropertyValueSpecification","valueRequired":true,"valueName":"search_term_string"}}],"inLanguage":"en-US"},{"@type":"Organization","@id":"https:\/\/www.clinicaescoda.com\/en\/#organization","name":"Dr. Escoda | Center of Aesthetic Medicine","url":"https:\/\/www.clinicaescoda.com\/en\/","logo":{"@type":"ImageObject","inLanguage":"en-US","@id":"https:\/\/www.clinicaescoda.com\/en\/#\/schema\/logo\/image\/","url":"https:\/\/www.clinicaescoda.com\/wp-content\/uploads\/2019\/10\/logo-draescoda-centro-de-medicina-estetica-de-barcelona.png","contentUrl":"https:\/\/www.clinicaescoda.com\/wp-content\/uploads\/2019\/10\/logo-draescoda-centro-de-medicina-estetica-de-barcelona.png","width":170,"height":32,"caption":"Dr. Escoda | Center of Aesthetic Medicine"},"image":{"@id":"https:\/\/www.clinicaescoda.com\/en\/#\/schema\/logo\/image\/"},"sameAs":["https:\/\/www.facebook.com\/draescoda\/","https:\/\/www.instagram.com\/draescoda\/","https:\/\/www.linkedin.com\/company\/centro-de-medicina-est-tica-dra-escoda\/","https:\/\/www.youtube.com\/c\/CentrodeMedicinaEst\u00e9ticaDraEscodaBarcelona\/"]}]}},"jetpack_sharing_enabled":true,"_links":{"self":[{"href":"https:\/\/www.clinicaescoda.com\/en\/wp-json\/wp\/v2\/product\/17372","targetHints":{"allow":["GET"]}}],"collection":[{"href":"https:\/\/www.clinicaescoda.com\/en\/wp-json\/wp\/v2\/product"}],"about":[{"href":"https:\/\/www.clinicaescoda.com\/en\/wp-json\/wp\/v2\/types\/product"}],"version-history":[{"count":3,"href":"https:\/\/www.clinicaescoda.com\/en\/wp-json\/wp\/v2\/product\/17372\/revisions"}],"predecessor-version":[{"id":17427,"href":"https:\/\/www.clinicaescoda.com\/en\/wp-json\/wp\/v2\/product\/17372\/revisions\/17427"}],"wp:featuredmedia":[{"embeddable":true,"href":"https:\/\/www.clinicaescoda.com\/en\/wp-json\/wp\/v2\/media\/17375"}],"wp:attachment":[{"href":"https:\/\/www.clinicaescoda.com\/en\/wp-json\/wp\/v2\/media?parent=17372"}],"wp:term":[{"taxonomy":"product_brand","embeddable":true,"href":"https:\/\/www.clinicaescoda.com\/en\/wp-json\/wp\/v2\/product_brand?post=17372"},{"taxonomy":"product_cat","embeddable":true,"href":"https:\/\/www.clinicaescoda.com\/en\/wp-json\/wp\/v2\/product_cat?post=17372"},{"taxonomy":"product_tag","embeddable":true,"href":"https:\/\/www.clinicaescoda.com\/en\/wp-json\/wp\/v2\/product_tag?post=17372"},{"taxonomy":"giftcard-category","embeddable":true,"href":"https:\/\/www.clinicaescoda.com\/en\/wp-json\/wp\/v2\/giftcard-category?post=17372"}],"curies":[{"name":"wp","href":"https:\/\/api.w.org\/{rel}","templated":true}]}}